{"id":3136,"date":"2020-11-21T20:58:15","date_gmt":"2020-11-21T20:58:15","guid":{"rendered":"https:\/\/agencetaro.com.maximedia.ca\/product\/lug-gray-poly-15-x-26-x-8\/"},"modified":"2020-11-25T01:25:03","modified_gmt":"2020-11-25T01:25:03","slug":"lug-gray-poly-15-x-26-x-8","status":"publish","type":"product","link":"https:\/\/agencetaro.com\/fr\/product\/lug-gray-poly-15-x-26-x-8\/","title":{"rendered":"Cosse \u00e0 viande GRAY POLY 15 X 26 X 8 *"},"content":{"rendered":"<pre id=\"tw-target-text\" class=\"tw-data-text tw-text-large XcVN5d tw-ta\" dir=\"ltr\" data-placeholder=\"Translation\"><span lang=\"fr\">Cosse \u00e0 viande Stack &amp; Nest\r\n\r\nLa description:\r\n\r\nFabriqu\u00e9 \u00e0 partir de mat\u00e9riaux approuv\u00e9s par la FDA\r\nCapacit\u00e9 de 100 lb\r\nCompatible avec les marques existantes\r\n28 nervures de renforcement autour de la jante\r\nLa l\u00e8vre roul\u00e9e double large sur la jante r\u00e9siste \u00e0 la d\u00e9chirure\r\n\r\nSp\u00e9cifications:\r\n\r\n\r\nCouleur: gris\r\nMat\u00e9riau: poly\u00e9thyl\u00e8ne haute densit\u00e9\r\nExt\u00e9rieur: 15 1\/2 \"L x 24\" L x 8 \"H\r\nInt\u00e9rieur: 13 3\/8 \"x 22 1\/2\" x 8 1\/2 \"<\/span><\/pre>\n","protected":false},"excerpt":{"rendered":"<p>Cosse \u00e0 viande Stack &amp; Nest La description: Fabriqu\u00e9 \u00e0 partir de mat\u00e9riaux approuv\u00e9s par la FDA Capacit\u00e9 de 100 lb Compatible avec les marques existantes 28 nervures de renforcement autour de la jante La l\u00e8vre roul\u00e9e double large sur la jante r\u00e9siste \u00e0 la d\u00e9chirure Sp\u00e9cifications: Couleur: gris Mat\u00e9riau: poly\u00e9thyl\u00e8ne haute densit\u00e9 Ext\u00e9rieur: 15 &hellip; <br \/><a href=\"https:\/\/agencetaro.com\/fr\/product\/lug-gray-poly-15-x-26-x-8\/\" class=\"more-link\">Continue reading <span class=\"screen-reader-text\">Cosse \u00e0 viande GRAY POLY 15 X 26 X 8 *<\/span><\/a><\/p>\n","protected":false},"featured_media":3077,"comment_status":"open","ping_status":"closed","template":"","meta":[],"product_cat":[135],"product_tag":[],"class_list":{"0":"post-3136","1":"product","2":"type-product","3":"status-publish","4":"has-post-thumbnail","6":"product_cat-agence-taro-products-2-fr","8":"first","9":"instock","10":"sale","11":"taxable","12":"shipping-taxable","13":"purchasable","14":"product-type-simple"},"_links":{"self":[{"href":"https:\/\/agencetaro.com\/fr\/wp-json\/wp\/v2\/product\/3136","targetHints":{"allow":["GET"]}}],"collection":[{"href":"https:\/\/agencetaro.com\/fr\/wp-json\/wp\/v2\/product"}],"about":[{"href":"https:\/\/agencetaro.com\/fr\/wp-json\/wp\/v2\/types\/product"}],"replies":[{"embeddable":true,"href":"https:\/\/agencetaro.com\/fr\/wp-json\/wp\/v2\/comments?post=3136"}],"wp:featuredmedia":[{"embeddable":true,"href":"https:\/\/agencetaro.com\/fr\/wp-json\/wp\/v2\/media\/3077"}],"wp:attachment":[{"href":"https:\/\/agencetaro.com\/fr\/wp-json\/wp\/v2\/media?parent=3136"}],"wp:term":[{"taxonomy":"product_cat","embeddable":true,"href":"https:\/\/agencetaro.com\/fr\/wp-json\/wp\/v2\/product_cat?post=3136"},{"taxonomy":"product_tag","embeddable":true,"href":"https:\/\/agencetaro.com\/fr\/wp-json\/wp\/v2\/product_tag?post=3136"}],"curies":[{"name":"wp","href":"https:\/\/api.w.org\/{rel}","templated":true}]}}