{"id":3140,"date":"2020-11-21T20:28:17","date_gmt":"2020-11-21T20:28:17","guid":{"rendered":"https:\/\/agencetaro.com.maximedia.ca\/product\/sharpener-hookeye-ii-110v-2\/"},"modified":"2020-11-25T01:35:11","modified_gmt":"2020-11-25T01:35:11","slug":"sharpener-hookeye-ii-110v","status":"publish","type":"product","link":"https:\/\/agencetaro.com\/fr\/product\/sharpener-hookeye-ii-110v\/","title":{"rendered":"SHARPENER HOOKEYE II 110V"},"content":{"rendered":"<div class=\"container_24\">\n<div class=\"grid_18\">\n<div class=\"grid_18 padtop\">\n<h5 id=\"tw-target-text\" class=\"tw-data-text tw-text-large XcVN5d tw-ta\" dir=\"ltr\" data-placeholder=\"Translation\"><span lang=\"fr\">Syst\u00e8me de pierre \u00e0 aiguiser\u00a0 \u00a0 \u00a0 \u00a0 \u00a0 \u00a0 \u00a0 \u00a0 \u00a0 \u00a0 \u00a0 \u00a0 \u00a0 \u00a0 \u00a0 \u00a0 \u00a0 \u00a0 \u00a0 \u00a0 \u00a0 \u00a0 \u00a0 \u00a0 \u00a0 \u00a0 \u00a0 \u00a0 \u00a0 \u00a0 \u00a0 \u00a0 \u00a0 \u00a0 \u00a0 \u00a0 \u00a0 \u00a0 \u00a0 \u00a0 \u00a0 \u00a0 \u00a0 \u00a0 \u00a0 \u00a0 \u00a0 \u00a0 \u00a0 \u00a0 \u00a0 \u00a0 \u00a0 \u00a0 \u00a0 \u00a0 Le syst\u00e8me d&#8217;aff\u00fbtage de pierre \u00e0 huile \u00e0 trois voies est le dispositif d&#8217;aff\u00fbtage ultime. Le syst\u00e8me fonctionne en versant de l&#8217;huile directement dans le r\u00e9servoir et en tournant l&#8217;ensemble de maintien de la pierre afin que la pierre \u00e0 aiguiser soit immerg\u00e9e dans l&#8217;huile. Au fur et \u00e0 mesure que vous progressez de grain en grain, vous aurez toujours une pierre huil\u00e9e pr\u00eate \u00e0 \u00eatre aff\u00fbt\u00e9e. Le syst\u00e8me d&#8217;aff\u00fbtage de pierre \u00e0 huile \u00e0 trois voies comprend trois pierres \u00e0 aiguiser diff\u00e9rentes. Il convient \u00e9galement aux couteaux de toutes tailles et est \u00e9galement livr\u00e9 avec une pinte d&#8217;huile d&#8217;aff\u00fbtage. Cet aff\u00fbteur est utilis\u00e9 par les professionnels des \u00e9piceries fines, des boucheries, des restaurants et d&#8217;autres environnements connexes depuis des ann\u00e9es.<\/span><\/h5>\n<\/div>\n<\/div>\n<\/div>\n","protected":false},"excerpt":{"rendered":"<p>Syst\u00e8me de pierre \u00e0 aiguiser\u00a0 \u00a0 \u00a0 \u00a0 \u00a0 \u00a0 \u00a0 \u00a0 \u00a0 \u00a0 \u00a0 \u00a0 \u00a0 \u00a0 \u00a0 \u00a0 \u00a0 \u00a0 \u00a0 \u00a0 \u00a0 \u00a0 \u00a0 \u00a0 \u00a0 \u00a0 \u00a0 \u00a0 \u00a0 \u00a0 \u00a0 \u00a0 \u00a0 \u00a0 \u00a0 \u00a0 \u00a0 \u00a0 \u00a0 \u00a0 \u00a0 \u00a0 \u00a0 \u00a0 \u00a0 \u00a0 \u00a0 \u00a0 \u00a0 \u00a0 \u00a0 &hellip; <br \/><a href=\"https:\/\/agencetaro.com\/fr\/product\/sharpener-hookeye-ii-110v\/\" class=\"more-link\">Continue reading <span class=\"screen-reader-text\">SHARPENER HOOKEYE II 110V<\/span><\/a><\/p>\n","protected":false},"featured_media":3065,"comment_status":"open","ping_status":"closed","template":"","meta":[],"product_cat":[135],"product_tag":[],"class_list":{"0":"post-3140","1":"product","2":"type-product","3":"status-publish","4":"has-post-thumbnail","6":"product_cat-agence-taro-products-2-fr","8":"first","9":"instock","10":"sale","11":"taxable","12":"shipping-taxable","13":"purchasable","14":"product-type-simple"},"_links":{"self":[{"href":"https:\/\/agencetaro.com\/fr\/wp-json\/wp\/v2\/product\/3140","targetHints":{"allow":["GET"]}}],"collection":[{"href":"https:\/\/agencetaro.com\/fr\/wp-json\/wp\/v2\/product"}],"about":[{"href":"https:\/\/agencetaro.com\/fr\/wp-json\/wp\/v2\/types\/product"}],"replies":[{"embeddable":true,"href":"https:\/\/agencetaro.com\/fr\/wp-json\/wp\/v2\/comments?post=3140"}],"wp:featuredmedia":[{"embeddable":true,"href":"https:\/\/agencetaro.com\/fr\/wp-json\/wp\/v2\/media\/3065"}],"wp:attachment":[{"href":"https:\/\/agencetaro.com\/fr\/wp-json\/wp\/v2\/media?parent=3140"}],"wp:term":[{"taxonomy":"product_cat","embeddable":true,"href":"https:\/\/agencetaro.com\/fr\/wp-json\/wp\/v2\/product_cat?post=3140"},{"taxonomy":"product_tag","embeddable":true,"href":"https:\/\/agencetaro.com\/fr\/wp-json\/wp\/v2\/product_tag?post=3140"}],"curies":[{"name":"wp","href":"https:\/\/api.w.org\/{rel}","templated":true}]}}