{"id":3145,"date":"2020-11-21T19:46:30","date_gmt":"2020-11-21T19:46:30","guid":{"rendered":"https:\/\/agencetaro.com.maximedia.ca\/product\/apron-yellow-neopren\/"},"modified":"2020-11-25T01:56:22","modified_gmt":"2020-11-25T01:56:22","slug":"tablier-jaune-neopren","status":"publish","type":"product","link":"https:\/\/agencetaro.com\/fr\/product\/tablier-jaune-neopren\/","title":{"rendered":"TABLIER JAUNE NEOPREN"},"content":{"rendered":"<p>Tablier de boucher jaune n\u00e9opr\u00e8ne<br \/>\nCes tabliers l\u00e9gers offrent une excellente protection aux bouchers tout en offrant une r\u00e9sistance aux produits chimiques, aux abrasions et \u00e0 la d\u00e9t\u00e9rioration des graisses et des huiles. Ce v\u00eatement confortable est doux, facile \u00e0 nettoyer et reste flexible par temps froid, ce qui le rend id\u00e9al pour le travail dans les boucheries ou dans des environnements similaires.<\/p>\n","protected":false},"excerpt":{"rendered":"<p>Tablier de boucher jaune n\u00e9opr\u00e8ne Ces tabliers l\u00e9gers offrent une excellente protection aux bouchers tout en offrant une r\u00e9sistance aux produits chimiques, aux abrasions et \u00e0 la d\u00e9t\u00e9rioration des graisses et des huiles. Ce v\u00eatement confortable est doux, facile \u00e0 nettoyer et reste flexible par temps froid, ce qui le rend id\u00e9al pour le travail &hellip; <br \/><a href=\"https:\/\/agencetaro.com\/fr\/product\/tablier-jaune-neopren\/\" class=\"more-link\">Continue reading <span class=\"screen-reader-text\">TABLIER JAUNE NEOPREN<\/span><\/a><\/p>\n","protected":false},"featured_media":3050,"comment_status":"open","ping_status":"closed","template":"","meta":[],"product_cat":[135],"product_tag":[],"class_list":{"0":"post-3145","1":"product","2":"type-product","3":"status-publish","4":"has-post-thumbnail","6":"product_cat-agence-taro-products-2-fr","8":"first","9":"instock","10":"sale","11":"taxable","12":"shipping-taxable","13":"purchasable","14":"product-type-simple"},"_links":{"self":[{"href":"https:\/\/agencetaro.com\/fr\/wp-json\/wp\/v2\/product\/3145","targetHints":{"allow":["GET"]}}],"collection":[{"href":"https:\/\/agencetaro.com\/fr\/wp-json\/wp\/v2\/product"}],"about":[{"href":"https:\/\/agencetaro.com\/fr\/wp-json\/wp\/v2\/types\/product"}],"replies":[{"embeddable":true,"href":"https:\/\/agencetaro.com\/fr\/wp-json\/wp\/v2\/comments?post=3145"}],"wp:featuredmedia":[{"embeddable":true,"href":"https:\/\/agencetaro.com\/fr\/wp-json\/wp\/v2\/media\/3050"}],"wp:attachment":[{"href":"https:\/\/agencetaro.com\/fr\/wp-json\/wp\/v2\/media?parent=3145"}],"wp:term":[{"taxonomy":"product_cat","embeddable":true,"href":"https:\/\/agencetaro.com\/fr\/wp-json\/wp\/v2\/product_cat?post=3145"},{"taxonomy":"product_tag","embeddable":true,"href":"https:\/\/agencetaro.com\/fr\/wp-json\/wp\/v2\/product_tag?post=3145"}],"curies":[{"name":"wp","href":"https:\/\/api.w.org\/{rel}","templated":true}]}}